{"id":13,"date":"2020-10-12T15:56:21","date_gmt":"2020-10-12T18:56:21","guid":{"rendered":"http:\/\/adoquinesrevista.com.ar\/?page_id=13"},"modified":"2024-01-05T10:20:09","modified_gmt":"2024-01-05T13:20:09","slug":"adoquines-3-2","status":"publish","type":"page","link":"https:\/\/adoquinesrevista.com.ar\/","title":{"rendered":"Adoquines Revista"},"content":{"rendered":"\t\t<div data-elementor-type=\"wp-page\" data-elementor-id=\"13\" class=\"elementor elementor-13\">\n\t\t\t\t\t\t\t\t\t<section class=\"elementor-section elementor-top-section elementor-element elementor-element-87a172e elementor-section-boxed elementor-section-height-default elementor-section-height-default\" data-id=\"87a172e\" data-element_type=\"section\">\n\t\t\t\t\t\t<div class=\"elementor-container elementor-column-gap-default\">\n\t\t\t\t\t<div class=\"elementor-column elementor-col-100 elementor-top-column elementor-element elementor-element-506565b\" data-id=\"506565b\" data-element_type=\"column\">\n\t\t\t<div class=\"elementor-widget-wrap elementor-element-populated\">\n\t\t\t\t\t\t\t\t<section class=\"elementor-section elementor-inner-section elementor-element elementor-element-a03a360 elementor-section-boxed elementor-section-height-default elementor-section-height-default\" data-id=\"a03a360\" data-element_type=\"section\">\n\t\t\t\t\t\t<div class=\"elementor-container elementor-column-gap-default\">\n\t\t\t\t\t<div class=\"elementor-column elementor-col-50 elementor-inner-column elementor-element elementor-element-45ab6f5\" data-id=\"45ab6f5\" data-element_type=\"column\">\n\t\t\t<div class=\"elementor-widget-wrap elementor-element-populated\">\n\t\t\t\t\t\t\t\t<div class=\"elementor-element elementor-element-db3bc54 elementor-widget elementor-widget-heading\" data-id=\"db3bc54\" data-element_type=\"widget\" data-widget_type=\"heading.default\">\n\t\t\t\t<div class=\"elementor-widget-container\">\n\t\t\t<style>\/*! elementor - v3.8.0 - 30-10-2022 *\/\n.elementor-heading-title{padding:0;margin:0;line-height:1}.elementor-widget-heading .elementor-heading-title[class*=elementor-size-]>a{color:inherit;font-size:inherit;line-height:inherit}.elementor-widget-heading .elementor-heading-title.elementor-size-small{font-size:15px}.elementor-widget-heading .elementor-heading-title.elementor-size-medium{font-size:19px}.elementor-widget-heading .elementor-heading-title.elementor-size-large{font-size:29px}.elementor-widget-heading .elementor-heading-title.elementor-size-xl{font-size:39px}.elementor-widget-heading .elementor-heading-title.elementor-size-xxl{font-size:59px}<\/style><h2 class=\"elementor-heading-title elementor-size-default\">Adoquines 4<\/h2>\t\t<\/div>\n\t\t\t\t<\/div>\n\t\t\t\t<div class=\"elementor-element elementor-element-86a9dcd elementor-widget elementor-widget-text-editor\" data-id=\"86a9dcd\" data-element_type=\"widget\" data-widget_type=\"text-editor.default\">\n\t\t\t\t<div class=\"elementor-widget-container\">\n\t\t\t<style>\/*! elementor - v3.8.0 - 30-10-2022 *\/\n.elementor-widget-text-editor.elementor-drop-cap-view-stacked .elementor-drop-cap{background-color:#818a91;color:#fff}.elementor-widget-text-editor.elementor-drop-cap-view-framed .elementor-drop-cap{color:#818a91;border:3px solid;background-color:transparent}.elementor-widget-text-editor:not(.elementor-drop-cap-view-default) .elementor-drop-cap{margin-top:8px}.elementor-widget-text-editor:not(.elementor-drop-cap-view-default) .elementor-drop-cap-letter{width:1em;height:1em}.elementor-widget-text-editor .elementor-drop-cap{float:left;text-align:center;line-height:1;font-size:50px}.elementor-widget-text-editor .elementor-drop-cap-letter{display:inline-block}<\/style>\t\t\t\t<p>Conversaciones decoloniales y situadas en pandemia.<\/p><p>Taller de estudios decoloniales de Jun\u00edn.<\/p><p>Per\u00edodo 2020-2022<\/p><p>Compilaci\u00f3n: Mar\u00eda Laura Tortoriello y Jorge Alonso.<\/p><p>Link de descarga <a href=\"http:\/\/adoquinesrevista.com.ar\/wp-content\/uploads\/2022\/10\/Adoquines-4.pdf\" rel=\"noopener\">aqu\u00ed<\/a><\/p>\t\t\t\t\t\t<\/div>\n\t\t\t\t<\/div>\n\t\t\t\t\t<\/div>\n\t\t<\/div>\n\t\t\t\t<div class=\"elementor-column elementor-col-50 elementor-inner-column elementor-element elementor-element-b456488\" data-id=\"b456488\" data-element_type=\"column\">\n\t\t\t<div class=\"elementor-widget-wrap elementor-element-populated\">\n\t\t\t\t\t\t\t\t<div class=\"elementor-element elementor-element-773c623 elementor-widget elementor-widget-image\" data-id=\"773c623\" data-element_type=\"widget\" data-widget_type=\"image.default\">\n\t\t\t\t<div class=\"elementor-widget-container\">\n\t\t\t<style>\/*! elementor - v3.8.0 - 30-10-2022 *\/\n.elementor-widget-image{text-align:center}.elementor-widget-image a{display:inline-block}.elementor-widget-image a img[src$=\".svg\"]{width:48px}.elementor-widget-image img{vertical-align:middle;display:inline-block}<\/style>\t\t\t\t\t\t\t\t\t\t\t\t\t<a href=\"http:\/\/adoquinesrevista.com.ar\/wp-content\/uploads\/2022\/10\/Adoquines-4.pdf\" target=\"_blank\">\n\t\t\t\t\t\t\t<img width=\"212\" height=\"300\" src=\"https:\/\/adoquinesrevista.com.ar\/wp-content\/uploads\/2022\/10\/tapa-adoquines-4-212x300.jpeg\" class=\"attachment-medium size-medium\" alt=\"\" loading=\"lazy\" srcset=\"https:\/\/adoquinesrevista.com.ar\/wp-content\/uploads\/2022\/10\/tapa-adoquines-4-212x300.jpeg 212w, https:\/\/adoquinesrevista.com.ar\/wp-content\/uploads\/2022\/10\/tapa-adoquines-4-723x1024.jpeg 723w, https:\/\/adoquinesrevista.com.ar\/wp-content\/uploads\/2022\/10\/tapa-adoquines-4-768x1087.jpeg 768w, https:\/\/adoquinesrevista.com.ar\/wp-content\/uploads\/2022\/10\/tapa-adoquines-4.jpeg 904w\" sizes=\"(max-width: 212px) 100vw, 212px\" \/>\t\t\t\t\t\t\t\t<\/a>\n\t\t\t\t\t\t\t\t\t\t\t\t\t\t\t<\/div>\n\t\t\t\t<\/div>\n\t\t\t\t\t<\/div>\n\t\t<\/div>\n\t\t\t\t\t\t\t<\/div>\n\t\t<\/section>\n\t\t\t\t\t<\/div>\n\t\t<\/div>\n\t\t\t\t\t\t\t<\/div>\n\t\t<\/section>\n\t\t\t\t<section class=\"elementor-section elementor-top-section elementor-element elementor-element-fffd9d9 elementor-section-boxed elementor-section-height-default elementor-section-height-default\" data-id=\"fffd9d9\" data-element_type=\"section\">\n\t\t\t\t\t\t<div class=\"elementor-container elementor-column-gap-default\">\n\t\t\t\t\t<div class=\"elementor-column elementor-col-100 elementor-top-column elementor-element elementor-element-ede277a\" data-id=\"ede277a\" data-element_type=\"column\">\n\t\t\t<div class=\"elementor-widget-wrap elementor-element-populated\">\n\t\t\t\t\t\t\t\t<section class=\"elementor-section elementor-inner-section elementor-element elementor-element-2ae8a42 elementor-section-boxed elementor-section-height-default elementor-section-height-default\" data-id=\"2ae8a42\" data-element_type=\"section\">\n\t\t\t\t\t\t<div class=\"elementor-container elementor-column-gap-default\">\n\t\t\t\t\t<div class=\"elementor-column elementor-col-50 elementor-inner-column elementor-element elementor-element-4a7e9fd\" data-id=\"4a7e9fd\" data-element_type=\"column\">\n\t\t\t<div class=\"elementor-widget-wrap elementor-element-populated\">\n\t\t\t\t\t\t\t\t<div class=\"elementor-element elementor-element-8c0ee9d elementor-widget elementor-widget-image\" data-id=\"8c0ee9d\" data-element_type=\"widget\" data-widget_type=\"image.default\">\n\t\t\t\t<div class=\"elementor-widget-container\">\n\t\t\t\t\t\t\t\t\t\t\t\t\t\t\t\t<a href=\"http:\/\/adoquinesrevista.com.ar\/wp-content\/uploads\/2020\/10\/adoquines-3.pdf\" target=\"_blank\">\n\t\t\t\t\t\t\t<img width=\"211\" height=\"300\" src=\"https:\/\/adoquinesrevista.com.ar\/wp-content\/uploads\/2022\/10\/tapa-211x300.jpg\" class=\"attachment-medium size-medium\" alt=\"\" loading=\"lazy\" srcset=\"https:\/\/adoquinesrevista.com.ar\/wp-content\/uploads\/2022\/10\/tapa-211x300.jpg 211w, https:\/\/adoquinesrevista.com.ar\/wp-content\/uploads\/2022\/10\/tapa-722x1024.jpg 722w, https:\/\/adoquinesrevista.com.ar\/wp-content\/uploads\/2022\/10\/tapa-768x1090.jpg 768w, https:\/\/adoquinesrevista.com.ar\/wp-content\/uploads\/2022\/10\/tapa-1083x1536.jpg 1083w, https:\/\/adoquinesrevista.com.ar\/wp-content\/uploads\/2022\/10\/tapa-1444x2048.jpg 1444w, https:\/\/adoquinesrevista.com.ar\/wp-content\/uploads\/2022\/10\/tapa.jpg 1748w\" sizes=\"(max-width: 211px) 100vw, 211px\" \/>\t\t\t\t\t\t\t\t<\/a>\n\t\t\t\t\t\t\t\t\t\t\t\t\t\t\t<\/div>\n\t\t\t\t<\/div>\n\t\t\t\t\t<\/div>\n\t\t<\/div>\n\t\t\t\t<div class=\"elementor-column elementor-col-50 elementor-inner-column elementor-element elementor-element-ed8e0f2\" data-id=\"ed8e0f2\" data-element_type=\"column\">\n\t\t\t<div class=\"elementor-widget-wrap elementor-element-populated\">\n\t\t\t\t\t\t\t\t<div class=\"elementor-element elementor-element-2f2a89c elementor-widget elementor-widget-heading\" data-id=\"2f2a89c\" data-element_type=\"widget\" data-widget_type=\"heading.default\">\n\t\t\t\t<div class=\"elementor-widget-container\">\n\t\t\t<h2 class=\"elementor-heading-title elementor-size-default\">Adoquines 3<\/h2>\t\t<\/div>\n\t\t\t\t<\/div>\n\t\t\t\t<div class=\"elementor-element elementor-element-ffafa30 elementor-widget elementor-widget-text-editor\" data-id=\"ffafa30\" data-element_type=\"widget\" data-widget_type=\"text-editor.default\">\n\t\t\t\t<div class=\"elementor-widget-container\">\n\t\t\t\t\t\t\t<p>Razones decoloniales para el an\u00e1lisis de nuestro presente.<\/p>\n<p>Taller de estudios decoloniales de Jun\u00edn.<\/p>\n<p>Jun\u00edn 2020<\/p>\n<p>Compilaci\u00f3n: Jorge E. Alonso.<\/p>\n<p>Link de descarga <a href=\"http:\/\/adoquinesrevista.com.ar\/wp-content\/uploads\/2020\/10\/adoquines-3.pdf\" target=\"_blank\" rel=\"noopener\">aqu\u00ed<\/a><\/p>\t\t\t\t\t\t<\/div>\n\t\t\t\t<\/div>\n\t\t\t\t\t<\/div>\n\t\t<\/div>\n\t\t\t\t\t\t\t<\/div>\n\t\t<\/section>\n\t\t\t\t<section class=\"elementor-section elementor-inner-section elementor-element elementor-element-ea9095c elementor-section-boxed elementor-section-height-default elementor-section-height-default\" data-id=\"ea9095c\" data-element_type=\"section\">\n\t\t\t\t\t\t<div class=\"elementor-container elementor-column-gap-default\">\n\t\t\t\t\t<div class=\"elementor-column elementor-col-50 elementor-inner-column elementor-element elementor-element-1f49a20\" data-id=\"1f49a20\" data-element_type=\"column\">\n\t\t\t<div class=\"elementor-widget-wrap elementor-element-populated\">\n\t\t\t\t\t\t\t\t<div class=\"elementor-element elementor-element-1195570 elementor-widget elementor-widget-heading\" data-id=\"1195570\" data-element_type=\"widget\" data-widget_type=\"heading.default\">\n\t\t\t\t<div class=\"elementor-widget-container\">\n\t\t\t<h2 class=\"elementor-heading-title elementor-size-default\">Adoquines 2<\/h2>\t\t<\/div>\n\t\t\t\t<\/div>\n\t\t\t\t<div class=\"elementor-element elementor-element-f7f1d8a elementor-widget elementor-widget-text-editor\" data-id=\"f7f1d8a\" data-element_type=\"widget\" data-widget_type=\"text-editor.default\">\n\t\t\t\t<div class=\"elementor-widget-container\">\n\t\t\t\t\t\t\t<p>Actualidad, autonom\u00eda y colonialidad<\/p>\n<p>Taller de estudios decoloniales de Jun\u00edn.<\/p>\n<p>Invierno 2015<\/p>\n<p>Editores:<br \/>Jorge Eduardo Alonso<br \/>Jos\u00e9 Mateo Ciampagna<br \/>Mar\u00eda Laura Tortoriello<\/p>\n<p>Link de descarga <a href=\"http:\/\/adoquinesrevista.com.ar\/wp-content\/uploads\/2022\/10\/adoquines-2.pdf\" target=\"_blank\" rel=\"noopener\">aqu\u00ed<\/a><\/p>\t\t\t\t\t\t<\/div>\n\t\t\t\t<\/div>\n\t\t\t\t\t<\/div>\n\t\t<\/div>\n\t\t\t\t<div class=\"elementor-column elementor-col-50 elementor-inner-column elementor-element elementor-element-61bbcae\" data-id=\"61bbcae\" data-element_type=\"column\">\n\t\t\t<div class=\"elementor-widget-wrap elementor-element-populated\">\n\t\t\t\t\t\t\t\t<div class=\"elementor-element elementor-element-9267f97 elementor-widget elementor-widget-image\" data-id=\"9267f97\" data-element_type=\"widget\" data-widget_type=\"image.default\">\n\t\t\t\t<div class=\"elementor-widget-container\">\n\t\t\t\t\t\t\t\t\t\t\t\t\t\t\t\t<a href=\"http:\/\/adoquinesrevista.com.ar\/wp-content\/uploads\/2022\/10\/adoquines-2.pdf\" target=\"_blank\">\n\t\t\t\t\t\t\t<img width=\"240\" height=\"300\" src=\"https:\/\/adoquinesrevista.com.ar\/wp-content\/uploads\/2022\/10\/img14-240x300.jpg\" class=\"attachment-medium size-medium\" alt=\"\" loading=\"lazy\" srcset=\"https:\/\/adoquinesrevista.com.ar\/wp-content\/uploads\/2022\/10\/img14-240x300.jpg 240w, https:\/\/adoquinesrevista.com.ar\/wp-content\/uploads\/2022\/10\/img14.jpg 753w\" sizes=\"(max-width: 240px) 100vw, 240px\" \/>\t\t\t\t\t\t\t\t<\/a>\n\t\t\t\t\t\t\t\t\t\t\t\t\t\t\t<\/div>\n\t\t\t\t<\/div>\n\t\t\t\t\t<\/div>\n\t\t<\/div>\n\t\t\t\t\t\t\t<\/div>\n\t\t<\/section>\n\t\t\t\t\t<\/div>\n\t\t<\/div>\n\t\t\t\t\t\t\t<\/div>\n\t\t<\/section>\n\t\t\t\t<section class=\"elementor-section elementor-top-section elementor-element elementor-element-d02d68e elementor-section-boxed elementor-section-height-default elementor-section-height-default\" data-id=\"d02d68e\" data-element_type=\"section\">\n\t\t\t\t\t\t<div class=\"elementor-container elementor-column-gap-default\">\n\t\t\t\t\t<div class=\"elementor-column elementor-col-50 elementor-top-column elementor-element elementor-element-cad8ebf\" data-id=\"cad8ebf\" data-element_type=\"column\">\n\t\t\t<div class=\"elementor-widget-wrap elementor-element-populated\">\n\t\t\t\t\t\t\t\t<div class=\"elementor-element elementor-element-e261aef elementor-widget elementor-widget-image\" data-id=\"e261aef\" data-element_type=\"widget\" data-widget_type=\"image.default\">\n\t\t\t\t<div class=\"elementor-widget-container\">\n\t\t\t\t\t\t\t\t\t\t\t\t\t\t\t\t<a href=\"https:\/\/issuu.com\/discursoanalitico\/docs\/adoquinesn1\" target=\"_blank\">\n\t\t\t\t\t\t\t<img width=\"211\" height=\"300\" src=\"https:\/\/adoquinesrevista.com.ar\/wp-content\/uploads\/2022\/10\/Adoquines-1-211x300.png\" class=\"attachment-medium size-medium\" alt=\"\" loading=\"lazy\" srcset=\"https:\/\/adoquinesrevista.com.ar\/wp-content\/uploads\/2022\/10\/Adoquines-1-211x300.png 211w, https:\/\/adoquinesrevista.com.ar\/wp-content\/uploads\/2022\/10\/Adoquines-1.png 475w\" sizes=\"(max-width: 211px) 100vw, 211px\" \/>\t\t\t\t\t\t\t\t<\/a>\n\t\t\t\t\t\t\t\t\t\t\t\t\t\t\t<\/div>\n\t\t\t\t<\/div>\n\t\t\t\t\t<\/div>\n\t\t<\/div>\n\t\t\t\t<div class=\"elementor-column elementor-col-50 elementor-top-column elementor-element elementor-element-4c8d55f\" data-id=\"4c8d55f\" data-element_type=\"column\">\n\t\t\t<div class=\"elementor-widget-wrap elementor-element-populated\">\n\t\t\t\t\t\t\t\t<div class=\"elementor-element elementor-element-f36ef04 elementor-widget elementor-widget-heading\" data-id=\"f36ef04\" data-element_type=\"widget\" data-widget_type=\"heading.default\">\n\t\t\t\t<div class=\"elementor-widget-container\">\n\t\t\t<h2 class=\"elementor-heading-title elementor-size-default\">Adoquines 1<\/h2>\t\t<\/div>\n\t\t\t\t<\/div>\n\t\t\t\t<div class=\"elementor-element elementor-element-22cf3e1 elementor-widget elementor-widget-text-editor\" data-id=\"22cf3e1\" data-element_type=\"widget\" data-widget_type=\"text-editor.default\">\n\t\t\t\t<div class=\"elementor-widget-container\">\n\t\t\t\t\t\t\t<p>Revista de psicoan\u00e1lisis y cultura. Contiene art\u00edculos, comentarios de libros, eventos y algunas producciones literarias. Entrevistas.<\/p><p>Link de lectura <a href=\"https:\/\/issuu.com\/discursoanalitico\/docs\/adoquinesn1\" target=\"_blank\" rel=\"noopener\">aqu\u00ed<\/a><\/p>\t\t\t\t\t\t<\/div>\n\t\t\t\t<\/div>\n\t\t\t\t\t<\/div>\n\t\t<\/div>\n\t\t\t\t\t\t\t<\/div>\n\t\t<\/section>\n\t\t\t\t\t\t\t<\/div>\n\t\t","protected":false},"excerpt":{"rendered":"<p>Adoquines 4 Conversaciones decoloniales y situadas en pandemia. Taller de estudios decoloniales de Jun\u00edn. Per\u00edodo 2020-2022 Compilaci\u00f3n: Mar\u00eda Laura Tortoriello y Jorge Alonso. Link de descarga aqu\u00ed Adoquines 3 Razones decoloniales para el an\u00e1lisis de nuestro presente. Taller de estudios decoloniales de Jun\u00edn. Jun\u00edn 2020 Compilaci\u00f3n: Jorge E. Alonso. Link de descarga aqu\u00ed Adoquines 2 [&hellip;]<\/p>\n","protected":false},"author":1,"featured_media":11,"parent":0,"menu_order":0,"comment_status":"closed","ping_status":"closed","template":"","meta":[],"_links":{"self":[{"href":"https:\/\/adoquinesrevista.com.ar\/index.php?rest_route=\/wp\/v2\/pages\/13"}],"collection":[{"href":"https:\/\/adoquinesrevista.com.ar\/index.php?rest_route=\/wp\/v2\/pages"}],"about":[{"href":"https:\/\/adoquinesrevista.com.ar\/index.php?rest_route=\/wp\/v2\/types\/page"}],"author":[{"embeddable":true,"href":"https:\/\/adoquinesrevista.com.ar\/index.php?rest_route=\/wp\/v2\/users\/1"}],"replies":[{"embeddable":true,"href":"https:\/\/adoquinesrevista.com.ar\/index.php?rest_route=%2Fwp%2Fv2%2Fcomments&post=13"}],"version-history":[{"count":73,"href":"https:\/\/adoquinesrevista.com.ar\/index.php?rest_route=\/wp\/v2\/pages\/13\/revisions"}],"predecessor-version":[{"id":153,"href":"https:\/\/adoquinesrevista.com.ar\/index.php?rest_route=\/wp\/v2\/pages\/13\/revisions\/153"}],"wp:featuredmedia":[{"embeddable":true,"href":"https:\/\/adoquinesrevista.com.ar\/index.php?rest_route=\/wp\/v2\/media\/11"}],"wp:attachment":[{"href":"https:\/\/adoquinesrevista.com.ar\/index.php?rest_route=%2Fwp%2Fv2%2Fmedia&parent=13"}],"curies":[{"name":"wp","href":"https:\/\/api.w.org\/{rel}","templated":true}]}}